{"id":1614,"date":"2022-04-26T10:58:52","date_gmt":"2022-04-26T15:58:52","guid":{"rendered":"https:\/\/cfcgroup.org\/blog\/?page_id=1614"},"modified":"2022-08-04T12:46:22","modified_gmt":"2022-08-04T17:46:22","slug":"politica-de-privacidad","status":"publish","type":"page","link":"https:\/\/cfcgroup.org\/web\/?page_id=1614","title":{"rendered":"Politica de Privacidad"},"content":{"rendered":"\t\t<div data-elementor-type=\"wp-page\" data-elementor-id=\"1614\" class=\"elementor elementor-1614\">\n\t\t\t\t\t\t<div class=\"elementor-inner\">\n\t\t\t\t<div class=\"elementor-section-wrap\">\n\t\t\t\t\t\t\t\t\t<section class=\"elementor-section elementor-top-section elementor-element elementor-element-b95d58b elementor-section-full_width elementor-section-height-default elementor-section-height-default\" data-id=\"b95d58b\" data-element_type=\"section\" data-settings=\"{&quot;jet_parallax_layout_list&quot;:[]}\">\n\t\t\t\t\t\t<div class=\"elementor-container elementor-column-gap-default\">\n\t\t\t\t\t\t\t<div class=\"elementor-row\">\n\t\t\t\t\t<div class=\"elementor-column elementor-col-100 elementor-top-column elementor-element elementor-element-49a67b0\" data-id=\"49a67b0\" data-element_type=\"column\">\n\t\t\t<div class=\"elementor-column-wrap elementor-element-populated\">\n\t\t\t\t\t\t\t<div class=\"elementor-widget-wrap\">\n\t\t\t\t\t\t<div class=\"elementor-element elementor-element-7d586e7 elementor-widget elementor-widget-eael-feature-list\" data-id=\"7d586e7\" data-element_type=\"widget\" data-widget_type=\"eael-feature-list.default\">\n\t\t\t\t<div class=\"elementor-widget-container\">\n\t\t\t\t\t<div class=\"-icon-position-left -tablet-icon-position-left -mobile-icon-position-left\">\n\t\t\t<ul id=\"eael-feature-list-7d586e7\" class=\"eael-feature-list-items square stacked \">\n\t\t\t                <li class=\"eael-feature-list-item elementor-repeater-item-a641a6e\">\n                    \n\t\t\t\t\t\t<div class=\"eael-feature-list-icon-box\">\n\t\t\t\t\t\t\t<div class=\"eael-feature-list-icon-inner\">\n\n\t\t\t\t\t\t\t\t<span class=\"eael-feature-list-icon fl-icon-0\">\n\n\t\t<i aria-hidden=\"true\" class=\"fas fa-user-secret\"><\/i>\t\t\t\t\t\t\t\t<\/span>\n\t\t\t\t\t\t\t<\/div>\n\t\t\t\t\t\t<\/div>\n\t\t\t\t\t\t<div class=\"eael-feature-list-content-box\">\n\t\t\t\t\t\t\t<h3 class=\"eael-feature-list-title\"\t\t\t\t\t\t\t>Pol\u00edtica de privacidad<\/h3\t\t\t\t\t\t>\n\t\t\t\t\t\t<p class=\"eael-feature-list-content\"><\/p>\n\t\t\t\t\t\t<\/div>\n\n\t\t\t\t\t<\/li>\n\t\t\t\t\t\t\t<\/ul>\n\t\t<\/div>\n\t\t\t\t<\/div>\n\t\t\t\t<\/div>\n\t\t\t\t\t\t<\/div>\n\t\t\t\t\t<\/div>\n\t\t<\/div>\n\t\t\t\t\t\t\t\t<\/div>\n\t\t\t\t\t<\/div>\n\t\t<\/section>\n\t\t\t\t<section class=\"elementor-section elementor-top-section elementor-element elementor-element-3c39342 elementor-section-full_width elementor-section-height-default elementor-section-height-default\" data-id=\"3c39342\" data-element_type=\"section\" data-settings=\"{&quot;background_background&quot;:&quot;classic&quot;,&quot;jet_parallax_layout_list&quot;:[]}\">\n\t\t\t\t\t\t<div class=\"elementor-container elementor-column-gap-default\">\n\t\t\t\t\t\t\t<div class=\"elementor-row\">\n\t\t\t\t\t<div class=\"elementor-column elementor-col-100 elementor-top-column elementor-element elementor-element-a53c624\" data-id=\"a53c624\" data-element_type=\"column\">\n\t\t\t<div class=\"elementor-column-wrap elementor-element-populated\">\n\t\t\t\t\t\t\t<div class=\"elementor-widget-wrap\">\n\t\t\t\t\t\t<div class=\"elementor-element elementor-element-09ca2b7 elementor-widget elementor-widget-text-editor\" data-id=\"09ca2b7\" data-element_type=\"widget\" data-widget_type=\"text-editor.default\">\n\t\t\t\t<div class=\"elementor-widget-container\">\n\t\t\t\t\t\t\t\t<div class=\"elementor-text-editor elementor-clearfix\">\n\t\t\t\t<p>CFC GROUP pone a disposici\u00f3n de los usuarios de Internet el acceso al sitio web mediante la URL: https:\/\/cfcgroup.org (en adelante el \u00abSITIO WEB\u00bb), rigi\u00e9ndose el acceso a los mismos y la utilizaci\u00f3n de sus servicios y\/o contenidos por los TERMINOS DE USO DEL SITIO WEB, LOS TERMINOS DE USO PARTICULARES asociados a cada uno de los PROGRAMAS DE CAPACITACION y por la presente POLITICA DE PRIVACIDAD.<\/p><p>Todo USUARIO del SITIO WEB (en adelante el USUARIO), acepta desde el mismo momento en el que accede al SITIO WEB de manera plena y sin ning\u00fan tipo de reserva todas y cada una de las clausulas incluidas en los TERMINOS DE USO DEL SITIO WEB, en los TERMINOS DE USO PARTICULARES relacionados con cada PROGRAMA DE CAPACITACION y en la presente POLITICA DE PRIVACIDAD.<\/p><p>La presente POLITICA DE PRIVACIDAD puede ser modificada por CFC GROUP en el momento que la empresa lo estime por conveniente, sin necesidad de notificar previamente al USUARIO del SITIO WEB.<\/p>\t\t\t\t\t<\/div>\n\t\t\t\t\t\t<\/div>\n\t\t\t\t<\/div>\n\t\t\t\t<div class=\"elementor-element elementor-element-52e80fc elementor-widget elementor-widget-spacer\" data-id=\"52e80fc\" data-element_type=\"widget\" data-widget_type=\"spacer.default\">\n\t\t\t\t<div class=\"elementor-widget-container\">\n\t\t\t\t\t<div class=\"elementor-spacer\">\n\t\t\t<div class=\"elementor-spacer-inner\"><\/div>\n\t\t<\/div>\n\t\t\t\t<\/div>\n\t\t\t\t<\/div>\n\t\t\t\t<div class=\"elementor-element elementor-element-601f475 elementor-widget elementor-widget-heading\" data-id=\"601f475\" data-element_type=\"widget\" data-widget_type=\"heading.default\">\n\t\t\t\t<div class=\"elementor-widget-container\">\n\t\t\t<h1 class=\"elementor-heading-title elementor-size-default\">CLAUSULA I: Recopilaci\u00f3n de informaci\u00f3n<\/h1>\t\t<\/div>\n\t\t\t\t<\/div>\n\t\t\t\t<div class=\"elementor-element elementor-element-583216d elementor-widget elementor-widget-text-editor\" data-id=\"583216d\" data-element_type=\"widget\" data-widget_type=\"text-editor.default\">\n\t\t\t\t<div class=\"elementor-widget-container\">\n\t\t\t\t\t\t\t\t<div class=\"elementor-text-editor elementor-clearfix\">\n\t\t\t\t<p>CFC GROUP recopila informaci\u00f3n de los USUARIOS del SITIO WEB a trav\u00e9s de los siguientes mecanismos:<\/p><ul type=\"disc\"><li>Para acceder a determinado tipo de informaci\u00f3n sobre nuestros servicios y\/o PROGRAMAS DE CAPACITACION, el USUARIO deber\u00e1 proporcionar previamente ciertos datos de car\u00e1cter personal, que solo ser\u00e1n utilizados para el prop\u00f3sito que fueron recopilados. El tipo de la posible informaci\u00f3n que se le sea solicitada incluye, pero no se limita, a su nombre completo, direcci\u00f3n de correo electr\u00f3nico (e-mail), ocupaci\u00f3n, nivel de estudios, empresa en la que labora, tel\u00e9fono(s). No toda la Informaci\u00f3n solicitada al momento de participar en el SITIO WEB es obligatoria de proporcionarse, salvo aquella que consideremos conveniente y que as\u00ed se le haga saber. Por lo tanto se tomar\u00e1 las precauciones del caso para mantener la confidencialidad de la informaci\u00f3n que usted nos brinda.<\/li><li>El USUARIO que se ha matriculado en un PROGRAMA DE CAPACITACION y mediante la matricula ha sido aceptada su participaci\u00f3n en dicho programa por parte de CFC GROUP (en adelante el ALUMNO), el ALUMNO comprende que su informaci\u00f3n de pago ser\u00e1 almacenada por CFC GROUP o por los proveedores de servicios de pagos de CFC GROUP seg\u00fan sea el mecanismo de pago usado por el USUARIO.<\/li><li>Al momento de configurar su cuenta de ALUMNO, se le solicitar\u00e1 informaci\u00f3n adicional, incluyendo pero no limit\u00e1ndose a su nombre y direcci\u00f3n de correo electr\u00f3nico.<\/li><li>Adicionalmente como parte del uso del SITIO WEB o de la participaci\u00f3n del ALUMNO en el PROGRAMA DE CAPACITACION, CFC GROUP puede obtener informaci\u00f3n adicional acerca del mismo y su desempe\u00f1o en el CURSO. CFC GROUP si as\u00ed lo considera conveniente podr\u00e1 almacenar y utilizar esta informaci\u00f3n para proporcionar servicios al ALUMNO, ya sea en el presente o en el futuro adem\u00e1s de compartir dicha informaci\u00f3n con terceros en relaci\u00f3n con dichos servicios.<\/li><li>El SITIO WEB, incluyendo el AULA VIRTUAL, permite al USUARIO el uso de mecanismos de comunicaci\u00f3n incluyendo pero no limitado a foros de preguntas y respuestas, foros de comentarios y votaciones, salones para conversaciones electr\u00f3nicas, envi\u00f3 de comunicaciones a CFC GROUP, a otros USUARIOS o terceros. El USUARIO al hacer uso de los mecanismos de comunicaci\u00f3n del SITIO WEB acepta que todas las comunicaciones realizadas mediante estos mecanismos son p\u00fablicas y no privadas, que dichas comunicaciones no son de responsabilidad de CFC GROUP, y que dichas comunicaciones no son aprobadas o revisadas previamente a su publicaci\u00f3n por CFC GROUP. Sin embargo CFC GROUP se reserva el derecho a revisar, monitorear o suprimir dichas comunicaciones de acuerdo a los TERMINOS DE USO DEL SITIO WEB. Adicionalmente CFC GROUP entrega al USUARIO informaci\u00f3n relacionada con el uso del SITIO WEB y de los PROGRAMAS DE CAPACITACION mediante otros medios como salones de conversaciones electr\u00f3nicas, correos electr\u00f3nicos, llamadas telef\u00f3nicas o comunicaciones basadas en telefon\u00eda IP, el USUARIO acepta que dichas comunicaciones puedan ser grabadas o monitoreadas para efectos de evaluar la calidad del servicio prestado al USUARIO.<\/li><\/ul><p>\u00a0<\/p>\t\t\t\t\t<\/div>\n\t\t\t\t\t\t<\/div>\n\t\t\t\t<\/div>\n\t\t\t\t<div class=\"elementor-element elementor-element-d18f434 elementor-widget elementor-widget-heading\" data-id=\"d18f434\" data-element_type=\"widget\" data-widget_type=\"heading.default\">\n\t\t\t\t<div class=\"elementor-widget-container\">\n\t\t\t<h1 class=\"elementor-heading-title elementor-size-default\">CLAUSULA II: Formas de recopilaci\u00f3n de datos.<\/h1>\t\t<\/div>\n\t\t\t\t<\/div>\n\t\t\t\t<div class=\"elementor-element elementor-element-7d9201d elementor-widget elementor-widget-text-editor\" data-id=\"7d9201d\" data-element_type=\"widget\" data-widget_type=\"text-editor.default\">\n\t\t\t\t<div class=\"elementor-widget-container\">\n\t\t\t\t\t\t\t\t<div class=\"elementor-text-editor elementor-clearfix\">\n\t\t\t\t<p>Existen varias formas mediantes las cuales el USUARIO nos puede brindar informaci\u00f3n sobre sus datos personales, incluyendo pero no limit\u00e1ndose a las siguientes formas:<\/p><ul type=\"disc\"><li>Completando el Formulario \u201cSolicite mayor informaci\u00f3n\u201d o su equivalente y pulsar el bot\u00f3n \u00abEnviar\u00bb o su equivalente en alguno de nuestros formularios en l\u00ednea.<\/li><li>Completando el Formulario \u201cInscripci\u00f3n\u201d o su equivalente y pulsar el bot\u00f3n \u00abEnviar\u00bb o su equivalente en alguno de nuestros formularios en l\u00ednea.<\/li><li>A trav\u00e9s del uso de las diferentes secciones del AULA VIRTUAL del SITIO WEB.<\/li><li>A trav\u00e9s del uso mecanismos de interacci\u00f3n social del SITIO WEB como foros de discusi\u00f3n, chats y sesiones de comunicaci\u00f3n en l\u00ednea de cualquier tipo.<\/li><li>A trav\u00e9s del uso los mecanismos de comunicaci\u00f3n provistas al USUARIO en el SITIO WEB.<\/li><li>Cualquier forma de naturaleza similar a las anteriormente mencionadas.<\/li><li>A trav\u00e9s del uso de cookies y\/u otro mecanismo de provisi\u00f3n temporal de datos<\/li><\/ul>\t\t\t\t\t<\/div>\n\t\t\t\t\t\t<\/div>\n\t\t\t\t<\/div>\n\t\t\t\t<div class=\"elementor-element elementor-element-b4a7258 elementor-widget elementor-widget-spacer\" data-id=\"b4a7258\" data-element_type=\"widget\" data-widget_type=\"spacer.default\">\n\t\t\t\t<div class=\"elementor-widget-container\">\n\t\t\t\t\t<div class=\"elementor-spacer\">\n\t\t\t<div class=\"elementor-spacer-inner\"><\/div>\n\t\t<\/div>\n\t\t\t\t<\/div>\n\t\t\t\t<\/div>\n\t\t\t\t<div class=\"elementor-element elementor-element-dce9285 elementor-widget elementor-widget-heading\" data-id=\"dce9285\" data-element_type=\"widget\" data-widget_type=\"heading.default\">\n\t\t\t\t<div class=\"elementor-widget-container\">\n\t\t\t<h1 class=\"elementor-heading-title elementor-size-default\">CLAUSULA 03: Del consentimiento para el tratamiento de datos.<\/h1>\t\t<\/div>\n\t\t\t\t<\/div>\n\t\t\t\t<div class=\"elementor-element elementor-element-c8a3575 elementor-widget elementor-widget-text-editor\" data-id=\"c8a3575\" data-element_type=\"widget\" data-widget_type=\"text-editor.default\">\n\t\t\t\t<div class=\"elementor-widget-container\">\n\t\t\t\t\t\t\t\t<div class=\"elementor-text-editor elementor-clearfix\">\n\t\t\t\t<p>CFC GROUP pone a disposici\u00f3n a los usuarios de la aplicaci\u00f3n la posibilidad de ejercer los derechos que se encuentran contemplados en la Ley N\u00b0 29733 \u201cLey de Protecci\u00f3n de Datos Personales\u201d, mediante comunicaci\u00f3n escrita, virtual dirigida a CFC GROUP. La solicitud se podr\u00e1 obtener acerc\u00e1ndose a las instalaciones de CFC GROUP o escribiendo un correo a informes@cfcgroup.org<\/p><p>Los usuarios cuentan con una serie de derechos sobre sus datos personales contemplados en la legislaci\u00f3n de la materia, que pueden ejercer en cualquier momento dependiendo de su voluntad, los cuales se mencionan a continuaci\u00f3n:<\/p><p>Informaci\u00f3n: El usuario podr\u00e1 solicitar informaci\u00f3n relativa a sus derechos y\/o acerca de las disposiciones de la Ley de Protecci\u00f3n de Datos Personales.<\/p><p>Revocatoria: El usuario podr\u00e1 revocar su consentimiento brindado para el tratamiento de sus datos personales en cualquier momento, sin justificaci\u00f3n previa y sin que le atribuyan efectos retroactivos.<\/p><p>Acceso: El usuario tiene derecho a obtener la informaci\u00f3n relativa a sus datos personales objeto de tratamiento, as\u00ed como la forma, motivos y condiciones de su recopilaci\u00f3n.<\/p><p>Rectificaci\u00f3n: El usuario podr\u00e1 solicitar la correcci\u00f3n de aquellos datos que se encuentren errados o resulten inexactos o falsos.<\/p><p>Cancelaci\u00f3n: El usuario podr\u00e1 solicitar la supresi\u00f3n de sus datos personales de las bases de datos de CFC GROUP cuando ya no sean necesarios o pertinentes para la finalidad para los que fueron recopilados, el plazo para su tratamiento hubiere vencido, el usuario haya revocado su consentimiento o cuando no sean tratados conforme a la legislaci\u00f3n de la materia.<\/p><p>Oposici\u00f3n: El usuario tiene derecho a que no se traten sus datos personales o se cese su tratamiento cuando no haya prestado su consentimiento para el mismo o cuando estos se hubieran obtenido de una fuente de acceso p\u00fablico. Cuando el usuario hubiera prestado su consentimiento podr\u00e1 oponerse al tratamiento de sus datos por motivos fundados y leg\u00edtimos.<strong>\u00a0<\/strong><\/p>\t\t\t\t\t<\/div>\n\t\t\t\t\t\t<\/div>\n\t\t\t\t<\/div>\n\t\t\t\t<div class=\"elementor-element elementor-element-839cc2d elementor-widget elementor-widget-spacer\" data-id=\"839cc2d\" data-element_type=\"widget\" data-widget_type=\"spacer.default\">\n\t\t\t\t<div class=\"elementor-widget-container\">\n\t\t\t\t\t<div class=\"elementor-spacer\">\n\t\t\t<div class=\"elementor-spacer-inner\"><\/div>\n\t\t<\/div>\n\t\t\t\t<\/div>\n\t\t\t\t<\/div>\n\t\t\t\t<div class=\"elementor-element elementor-element-beaf3c9 elementor-widget elementor-widget-heading\" data-id=\"beaf3c9\" data-element_type=\"widget\" data-widget_type=\"heading.default\">\n\t\t\t\t<div class=\"elementor-widget-container\">\n\t\t\t<h1 class=\"elementor-heading-title elementor-size-default\">CLAUSULA IV: Uso de la informaci\u00f3n recopilada.<\/h1>\t\t<\/div>\n\t\t\t\t<\/div>\n\t\t\t\t<div class=\"elementor-element elementor-element-d227b0d elementor-widget elementor-widget-text-editor\" data-id=\"d227b0d\" data-element_type=\"widget\" data-widget_type=\"text-editor.default\">\n\t\t\t\t<div class=\"elementor-widget-container\">\n\t\t\t\t\t\t\t\t<div class=\"elementor-text-editor elementor-clearfix\">\n\t\t\t\t<p>CFC GROUP usar\u00e1 la Informaci\u00f3n personal del USUARIO solo con fines de informarle acerca de sus servicios o de los servicios prove\u00eddos por cualquier empresa subsidiaria, filial o autorizadas de CFC GROUP o cualquier SOCIO EDUCATIVO o COMERCIAL de CFC GROUP. Adicionalmente se podr\u00e1 usar su informaci\u00f3n personal con fines de mejora del servicio que le ofrecemos.<\/p><p>Como principio general, CFC GROUP no comparte ni revela informaci\u00f3n obtenida con terceros, excepto cuando haya sido autorizada por usted, o en los siguientes casos:<\/p><ul type=\"disc\"><li>Cuando le sea requerido por una autoridad competente y previo el cumplimiento del tr\u00e1mite legal correspondiente y<\/li><li>Cuando a juicio de este sitio sea necesario para hacer cumplir las TERMINOS DE USO DEL SITIO WEB o los TERMINOS DE USO PARTICULARES asociados a cada PROGRAMA DE CAPACITACION, o para salvaguardar la integridad de los dem\u00e1s USUARIOS del SITIO WEB.<\/li><\/ul><p>Tal como se establece en los TERMINOS DE USO DEL SITIO WEB, el USUARIO otorga el derecho perpetuo, libre de pago y exclusivo a CFC GROUP sobre el CONTENIDO GENERADO POR EL USUARIO a fin de que CFC GROUP pueda usar, reproducir, modificar, adaptar y usar con fines comerciales o publicitarios el CONTENIDO GENERADO POR EL USUARIO, incluyendo el derecho para sub-licenciar dichos contenidos las veces y con los prop\u00f3sitos que CFC GROUP considere convenientes. CFC GROUP tiene el derecho de suprimir el CONTENIDO GENERADO POR EL USUARIO en la circunstancia, en el momento y por la raz\u00f3n que considere oportuno. El USUARIO garantiza que el contenido generado y\/o publicado por \u00e9l mismo (CONTENIDO GENERADO POR EL USUARIO) cumple todas las leyes locales, nacionales e internacionales aplicables as\u00ed como los presentes TERMINOS DE USO DEL SITIO WEB.<\/p>\t\t\t\t\t<\/div>\n\t\t\t\t\t\t<\/div>\n\t\t\t\t<\/div>\n\t\t\t\t<div class=\"elementor-element elementor-element-032825d elementor-widget elementor-widget-spacer\" data-id=\"032825d\" data-element_type=\"widget\" data-widget_type=\"spacer.default\">\n\t\t\t\t<div class=\"elementor-widget-container\">\n\t\t\t\t\t<div class=\"elementor-spacer\">\n\t\t\t<div class=\"elementor-spacer-inner\"><\/div>\n\t\t<\/div>\n\t\t\t\t<\/div>\n\t\t\t\t<\/div>\n\t\t\t\t<div class=\"elementor-element elementor-element-0c95b35 elementor-widget elementor-widget-heading\" data-id=\"0c95b35\" data-element_type=\"widget\" data-widget_type=\"heading.default\">\n\t\t\t\t<div class=\"elementor-widget-container\">\n\t\t\t<h1 class=\"elementor-heading-title elementor-size-default\">CLAUSULA V: Seguridad.<\/h1>\t\t<\/div>\n\t\t\t\t<\/div>\n\t\t\t\t<div class=\"elementor-element elementor-element-f0be0c4 elementor-widget elementor-widget-text-editor\" data-id=\"f0be0c4\" data-element_type=\"widget\" data-widget_type=\"text-editor.default\">\n\t\t\t\t<div class=\"elementor-widget-container\">\n\t\t\t\t\t\t\t\t<div class=\"elementor-text-editor elementor-clearfix\">\n\t\t\t\t<p>CFC GROUP adopta, tanto en el Sitio Web y sus Aplicaciones, los niveles de seguridad legalmente requeridos y desarrollar\u00e1 sus mejores y diligentes esfuerzos para mantener los Datos Personales, as\u00ed como cualquier otra informaci\u00f3n personal de los Usuarios, debidamente resguardados bajo cortafuegos (\u00abfirewalls\u00bb). Sin embargo, CFC GROUP no puede garantizar una seguridad completa. La entrada no autorizada o el uso, fallo de hardware o software, y otros factores pueden comprometer la seguridad de los Datos Personales de los Usuarios en cualquier momento.\u00a0<\/p><p>El Sitio Web puede contener enlaces a otros sitios. CFC GROUP no se hace responsable del contenido de las pol\u00edticas de privacidad y\/o pr\u00e1cticas de otros sitios web. Cuando un Usuario acceda a un enlace que lo redirija a otro sitio web, \u00e9ste deber\u00e1 aceptar y sujetarse a las pol\u00edticas de privacidad de dicho sitio web.<\/p>\t\t\t\t\t<\/div>\n\t\t\t\t\t\t<\/div>\n\t\t\t\t<\/div>\n\t\t\t\t<div class=\"elementor-element elementor-element-027de73 elementor-widget elementor-widget-spacer\" data-id=\"027de73\" data-element_type=\"widget\" data-widget_type=\"spacer.default\">\n\t\t\t\t<div class=\"elementor-widget-container\">\n\t\t\t\t\t<div class=\"elementor-spacer\">\n\t\t\t<div class=\"elementor-spacer-inner\"><\/div>\n\t\t<\/div>\n\t\t\t\t<\/div>\n\t\t\t\t<\/div>\n\t\t\t\t<div class=\"elementor-element elementor-element-bee064b elementor-widget elementor-widget-heading\" data-id=\"bee064b\" data-element_type=\"widget\" data-widget_type=\"heading.default\">\n\t\t\t\t<div class=\"elementor-widget-container\">\n\t\t\t<h1 class=\"elementor-heading-title elementor-size-default\">CLAUSULA VI: Modificaci\u00f3n, eliminaci\u00f3n de datos y\/o solicitudes para dejar de recibir comunicaci\u00f3nes.<\/h1>\t\t<\/div>\n\t\t\t\t<\/div>\n\t\t\t\t<div class=\"elementor-element elementor-element-cf73027 elementor-widget elementor-widget-text-editor\" data-id=\"cf73027\" data-element_type=\"widget\" data-widget_type=\"text-editor.default\">\n\t\t\t\t<div class=\"elementor-widget-container\">\n\t\t\t\t\t\t\t\t<div class=\"elementor-text-editor elementor-clearfix\">\n\t\t\t\t<p>Usted podr\u00e1 modificar, corregir o eliminar sus datos personales de nuestra base de datos, o podr\u00e1 solicitar dejar de recibir comunicaciones de nuestra empresa, simplemente enviando un correo electr\u00f3nico a la direcci\u00f3n\u00a0informes@cfcgroup.org\u00a0indicando claramente si desea modificar, corregir o eliminar sus datos o si desea dejar de recibir nuestras comunicaciones.<\/p>\t\t\t\t\t<\/div>\n\t\t\t\t\t\t<\/div>\n\t\t\t\t<\/div>\n\t\t\t\t\t\t<\/div>\n\t\t\t\t\t<\/div>\n\t\t<\/div>\n\t\t\t\t\t\t\t\t<\/div>\n\t\t\t\t\t<\/div>\n\t\t<\/section>\n\t\t\t\t\t\t\t\t\t<\/div>\n\t\t\t<\/div>\n\t\t\t\t\t<\/div>\n\t\t","protected":false},"excerpt":{"rendered":"<p>Pol\u00edtica de privacidad CFC GROUP pone a disposici\u00f3n de los usuarios de Internet el acceso al sitio web mediante la URL: https:\/\/cfcgroup.org (en adelante el \u00abSITIO WEB\u00bb), rigi\u00e9ndose el acceso a los mismos y la utilizaci\u00f3n de sus servicios y\/o contenidos por los TERMINOS DE USO DEL SITIO WEB, LOS TERMINOS DE USO PARTICULARES asociados [&hellip;]<\/p>\n","protected":false},"author":5,"featured_media":0,"parent":0,"menu_order":0,"comment_status":"closed","ping_status":"closed","template":"elementor_header_footer","meta":{"_editorskit_title_hidden":false,"_editorskit_reading_time":0,"_editorskit_is_block_options_detached":false,"_editorskit_block_options_position":"{}","_jet_sm_ready_style":"","_jet_sm_style":"","_jet_sm_controls_values":"","_jet_sm_fonts_collection":"","_jet_sm_fonts_links":"","footnotes":""},"class_list":["post-1614","page","type-page","status-publish","hentry"],"_links":{"self":[{"href":"https:\/\/cfcgroup.org\/web\/index.php?rest_route=\/wp\/v2\/pages\/1614","targetHints":{"allow":["GET"]}}],"collection":[{"href":"https:\/\/cfcgroup.org\/web\/index.php?rest_route=\/wp\/v2\/pages"}],"about":[{"href":"https:\/\/cfcgroup.org\/web\/index.php?rest_route=\/wp\/v2\/types\/page"}],"author":[{"embeddable":true,"href":"https:\/\/cfcgroup.org\/web\/index.php?rest_route=\/wp\/v2\/users\/5"}],"replies":[{"embeddable":true,"href":"https:\/\/cfcgroup.org\/web\/index.php?rest_route=%2Fwp%2Fv2%2Fcomments&post=1614"}],"version-history":[{"count":28,"href":"https:\/\/cfcgroup.org\/web\/index.php?rest_route=\/wp\/v2\/pages\/1614\/revisions"}],"predecessor-version":[{"id":4456,"href":"https:\/\/cfcgroup.org\/web\/index.php?rest_route=\/wp\/v2\/pages\/1614\/revisions\/4456"}],"wp:attachment":[{"href":"https:\/\/cfcgroup.org\/web\/index.php?rest_route=%2Fwp%2Fv2%2Fmedia&parent=1614"}],"curies":[{"name":"wp","href":"https:\/\/api.w.org\/{rel}","templated":true}]}}